


{"id":540,"date":"2018-06-25T16:02:24","date_gmt":"2018-06-25T16:02:24","guid":{"rendered":"https:\/\/www.c-net.ca\/about\/"},"modified":"2019-11-28T13:16:49","modified_gmt":"2019-11-28T18:16:49","slug":"a-propos","status":"publish","type":"page","link":"https:\/\/www.c-net.ca\/fr\/a-propos\/","title":{"rendered":"\u00c0 propos"},"content":{"rendered":"\t\t<div data-elementor-type=\"wp-post\" data-elementor-id=\"540\" class=\"elementor elementor-540 elementor-15\" data-elementor-settings=\"[]\">\n\t\t\t\t\t\t<div class=\"elementor-inner\">\n\t\t\t\t\t\t\t<div class=\"elementor-section-wrap\">\n\t\t\t\t\t\t\t<section class=\"elementor-section elementor-top-section elementor-element elementor-element-140e5d2 elementor-section-stretched elementor-section-boxed elementor-section-height-default elementor-section-height-default\" data-id=\"140e5d2\" data-element_type=\"section\" data-settings=\"{&quot;stretch_section&quot;:&quot;section-stretched&quot;}\">\n\t\t\t\t\t\t<div class=\"elementor-container elementor-column-gap-default\">\n\t\t\t\t\t\t\t<div class=\"elementor-row\">\n\t\t\t\t\t<div class=\"elementor-column elementor-col-33 elementor-top-column elementor-element elementor-element-3c09842\" data-id=\"3c09842\" data-element_type=\"column\">\n\t\t\t<div class=\"elementor-column-wrap elementor-element-populated\">\n\t\t\t\t\t\t\t<div class=\"elementor-widget-wrap\">\n\t\t\t\t\t\t<div class=\"elementor-element elementor-element-aeeddb0 elementor-widget elementor-widget-text-editor\" data-id=\"aeeddb0\" data-element_type=\"widget\" data-widget_type=\"text-editor.default\">\n\t\t\t\t<div class=\"elementor-widget-container\">\n\t\t\t\t\t\t\t\t<div class=\"elementor-text-editor elementor-clearfix\">\n\t\t\t\t<p>Au milieu de 2015, apr\u00e8s avoir \u00e9t\u00e9 un intervenant cl\u00e9 dans une firme avec un service de nettoyage et de conciergerie de qualit\u00e9 desservant le Qu\u00e9bec et les milieux d\u2019affaires Ontarien depuis 1967, le concept est n\u00e9 pour partager notre mod\u00e8le avec une communaut\u00e9 plus large.<\/p><p>Nous devions nous assurer que nous pourrions reproduire les m\u00eames valeurs fondamentales et le service pr\u200b\u200b\u00e9mium qui nous d\u00e9marque. Donc, une propri\u00e9t\u00e9 partag\u00e9e de notre croissance \u00e9tait le choix \u00e9vident. C\u2019est \u00e0 ce moment, que le nouveau nom, C Net Group Inc. a \u00e9t\u00e9 con\u00e7u afin de reconna\u00eetre l\u2019orientation nationale et la marque de notre compagnie.<\/p>\t\t\t\t\t<\/div>\n\t\t\t\t\t\t<\/div>\n\t\t\t\t<\/div>\n\t\t\t\t\t\t<\/div>\n\t\t\t\t\t<\/div>\n\t\t<\/div>\n\t\t\t\t<div class=\"elementor-column elementor-col-33 elementor-top-column elementor-element elementor-element-9587c76\" data-id=\"9587c76\" data-element_type=\"column\">\n\t\t\t<div class=\"elementor-column-wrap\">\n\t\t\t\t\t\t\t<div class=\"elementor-widget-wrap\">\n\t\t\t\t\t\t\t\t<\/div>\n\t\t\t\t\t<\/div>\n\t\t<\/div>\n\t\t\t\t<div class=\"elementor-column elementor-col-33 elementor-top-column elementor-element elementor-element-7415118\" data-id=\"7415118\" data-element_type=\"column\">\n\t\t\t<div class=\"elementor-column-wrap elementor-element-populated\">\n\t\t\t\t\t\t\t<div class=\"elementor-widget-wrap\">\n\t\t\t\t\t\t<div class=\"elementor-element elementor-element-60c447e elementor-widget elementor-widget-image\" data-id=\"60c447e\" data-element_type=\"widget\" data-widget_type=\"image.default\">\n\t\t\t\t<div class=\"elementor-widget-container\">\n\t\t\t\t\t\t\t\t<div class=\"elementor-image\">\n\t\t\t\t\t\t\t\t\t\t\t\t<img width=\"466\" height=\"302\" src=\"https:\/\/www.c-net.ca\/wp-content\/uploads\/2019\/05\/CNET_about_top.jpg\" class=\"attachment-large size-large\" alt=\"\" loading=\"lazy\" srcset=\"https:\/\/www.c-net.ca\/wp-content\/uploads\/2019\/05\/CNET_about_top.jpg 466w, https:\/\/www.c-net.ca\/wp-content\/uploads\/2019\/05\/CNET_about_top-300x194.jpg 300w, https:\/\/www.c-net.ca\/wp-content\/uploads\/2019\/05\/CNET_about_top-370x240.jpg 370w, https:\/\/www.c-net.ca\/wp-content\/uploads\/2019\/05\/CNET_about_top-340x220.jpg 340w\" sizes=\"(max-width: 466px) 100vw, 466px\" \/>\t\t\t\t\t\t\t\t\t\t\t\t\t\t<\/div>\n\t\t\t\t\t\t<\/div>\n\t\t\t\t<\/div>\n\t\t\t\t\t\t<\/div>\n\t\t\t\t\t<\/div>\n\t\t<\/div>\n\t\t\t\t\t\t\t\t<\/div>\n\t\t\t\t\t<\/div>\n\t\t<\/section>\n\t\t\t\t<section class=\"elementor-section elementor-top-section elementor-element elementor-element-d441ec2 elementor-section-boxed elementor-section-height-default elementor-section-height-default\" data-id=\"d441ec2\" data-element_type=\"section\">\n\t\t\t\t\t\t<div class=\"elementor-container elementor-column-gap-default\">\n\t\t\t\t\t\t\t<div class=\"elementor-row\">\n\t\t\t\t\t<div class=\"elementor-column elementor-col-100 elementor-top-column elementor-element elementor-element-2cc2156\" data-id=\"2cc2156\" data-element_type=\"column\">\n\t\t\t<div class=\"elementor-column-wrap elementor-element-populated\">\n\t\t\t\t\t\t\t<div class=\"elementor-widget-wrap\">\n\t\t\t\t\t\t<div class=\"elementor-element elementor-element-43f8898 elementor-widget-divider--view-line elementor-widget elementor-widget-divider\" data-id=\"43f8898\" data-element_type=\"widget\" data-widget_type=\"divider.default\">\n\t\t\t\t<div class=\"elementor-widget-container\">\n\t\t\t\t\t<div class=\"elementor-divider\">\n\t\t\t<span class=\"elementor-divider-separator\">\n\t\t\t\t\t\t<\/span>\n\t\t<\/div>\n\t\t\t\t<\/div>\n\t\t\t\t<\/div>\n\t\t\t\t<section class=\"elementor-section elementor-inner-section elementor-element elementor-element-4de27d9 elementor-section-boxed elementor-section-height-default elementor-section-height-default\" data-id=\"4de27d9\" data-element_type=\"section\">\n\t\t\t\t\t\t<div class=\"elementor-container elementor-column-gap-default\">\n\t\t\t\t\t\t\t<div class=\"elementor-row\">\n\t\t\t\t\t<div class=\"elementor-column elementor-col-50 elementor-inner-column elementor-element elementor-element-86d2d9b\" data-id=\"86d2d9b\" data-element_type=\"column\">\n\t\t\t<div class=\"elementor-column-wrap elementor-element-populated\">\n\t\t\t\t\t\t\t<div class=\"elementor-widget-wrap\">\n\t\t\t\t\t\t<div class=\"elementor-element elementor-element-5677109 elementor-view-default elementor-widget elementor-widget-icon\" data-id=\"5677109\" data-element_type=\"widget\" data-widget_type=\"icon.default\">\n\t\t\t\t<div class=\"elementor-widget-container\">\n\t\t\t\t\t<div class=\"elementor-icon-wrapper\">\n\t\t\t<div class=\"elementor-icon\">\n\t\t\t\t\t\t\t<i class=\"fa fa-building\" aria-hidden=\"true\"><\/i>\n\t\t\t\t\t\t<\/div>\n\t\t<\/div>\n\t\t\t\t<\/div>\n\t\t\t\t<\/div>\n\t\t\t\t\t\t<\/div>\n\t\t\t\t\t<\/div>\n\t\t<\/div>\n\t\t\t\t<div class=\"elementor-column elementor-col-50 elementor-inner-column elementor-element elementor-element-86827e4\" data-id=\"86827e4\" data-element_type=\"column\">\n\t\t\t<div class=\"elementor-column-wrap elementor-element-populated\">\n\t\t\t\t\t\t\t<div class=\"elementor-widget-wrap\">\n\t\t\t\t\t\t<div class=\"elementor-element elementor-element-06cc932 elementor-widget elementor-widget-heading\" data-id=\"06cc932\" data-element_type=\"widget\" data-widget_type=\"heading.default\">\n\t\t\t\t<div class=\"elementor-widget-container\">\n\t\t\t<h2 class=\"elementor-heading-title elementor-size-default\">INDUSTRIE de maintenance COMMERCIALE<\/h2>\t\t<\/div>\n\t\t\t\t<\/div>\n\t\t\t\t\t\t<\/div>\n\t\t\t\t\t<\/div>\n\t\t<\/div>\n\t\t\t\t\t\t\t\t<\/div>\n\t\t\t\t\t<\/div>\n\t\t<\/section>\n\t\t\t\t<div class=\"elementor-element elementor-element-8760b76 elementor-widget elementor-widget-text-editor\" data-id=\"8760b76\" data-element_type=\"widget\" data-widget_type=\"text-editor.default\">\n\t\t\t\t<div class=\"elementor-widget-container\">\n\t\t\t\t\t\t\t\t<div class=\"elementor-text-editor elementor-clearfix\">\n\t\t\t\t<p>L\u2019industrie canadienne du nettoyage commercial rapporte plus de 6 milliards de dollars avec des services de nettoyage de bureaux et de d\u00e9tail de petite et moyenne taille repr\u00e9sentant environ 38 % des revenus totaux de l\u2019industrie. Le mod\u00e8le d\u2019affaires se vend bien dans tous les environnements \u00e9conomiques offrant \u00e0 nos clients les meilleurs services de nettoyage et de conciergerie, des tarifs plus comp\u00e9titifs et livr\u00e9s par de fiers propri\u00e9taires exploitants qui partagent notre vision et notre passion pour le service client de qualit\u00e9.<\/p>\n\t\t\t\t\t<\/div>\n\t\t\t\t\t\t<\/div>\n\t\t\t\t<\/div>\n\t\t\t\t\t\t<\/div>\n\t\t\t\t\t<\/div>\n\t\t<\/div>\n\t\t\t\t\t\t\t\t<\/div>\n\t\t\t\t\t<\/div>\n\t\t<\/section>\n\t\t\t\t<section class=\"elementor-section elementor-top-section elementor-element elementor-element-9e98d97 elementor-section-boxed elementor-section-height-default elementor-section-height-default\" data-id=\"9e98d97\" data-element_type=\"section\">\n\t\t\t\t\t\t<div class=\"elementor-container elementor-column-gap-default\">\n\t\t\t\t\t\t\t<div class=\"elementor-row\">\n\t\t\t\t\t<div class=\"elementor-column elementor-col-100 elementor-top-column elementor-element elementor-element-201d91d\" data-id=\"201d91d\" data-element_type=\"column\">\n\t\t\t<div class=\"elementor-column-wrap elementor-element-populated\">\n\t\t\t\t\t\t\t<div class=\"elementor-widget-wrap\">\n\t\t\t\t\t\t<section class=\"elementor-section elementor-inner-section elementor-element elementor-element-2bb7be3 elementor-section-boxed elementor-section-height-default elementor-section-height-default\" data-id=\"2bb7be3\" data-element_type=\"section\">\n\t\t\t\t\t\t<div class=\"elementor-container elementor-column-gap-default\">\n\t\t\t\t\t\t\t<div class=\"elementor-row\">\n\t\t\t\t\t<div class=\"elementor-column elementor-col-50 elementor-inner-column elementor-element elementor-element-2eecb87\" data-id=\"2eecb87\" data-element_type=\"column\">\n\t\t\t<div class=\"elementor-column-wrap elementor-element-populated\">\n\t\t\t\t\t\t\t<div class=\"elementor-widget-wrap\">\n\t\t\t\t\t\t<div class=\"elementor-element elementor-element-0b82448 elementor-view-default elementor-widget elementor-widget-icon\" data-id=\"0b82448\" data-element_type=\"widget\" data-widget_type=\"icon.default\">\n\t\t\t\t<div class=\"elementor-widget-container\">\n\t\t\t\t\t<div class=\"elementor-icon-wrapper\">\n\t\t\t<div class=\"elementor-icon\">\n\t\t\t\t\t\t\t<i class=\"fa fa-users\" aria-hidden=\"true\"><\/i>\n\t\t\t\t\t\t<\/div>\n\t\t<\/div>\n\t\t\t\t<\/div>\n\t\t\t\t<\/div>\n\t\t\t\t\t\t<\/div>\n\t\t\t\t\t<\/div>\n\t\t<\/div>\n\t\t\t\t<div class=\"elementor-column elementor-col-50 elementor-inner-column elementor-element elementor-element-95ac3e4\" data-id=\"95ac3e4\" data-element_type=\"column\">\n\t\t\t<div class=\"elementor-column-wrap elementor-element-populated\">\n\t\t\t\t\t\t\t<div class=\"elementor-widget-wrap\">\n\t\t\t\t\t\t<div class=\"elementor-element elementor-element-f230554 elementor-widget elementor-widget-heading\" data-id=\"f230554\" data-element_type=\"widget\" data-widget_type=\"heading.default\">\n\t\t\t\t<div class=\"elementor-widget-container\">\n\t\t\t<h2 class=\"elementor-heading-title elementor-size-default\">PROPRI\u00c9TAIRES ENTRETIEN DES PROPRI\u00c9TAIRES<\/h2>\t\t<\/div>\n\t\t\t\t<\/div>\n\t\t\t\t\t\t<\/div>\n\t\t\t\t\t<\/div>\n\t\t<\/div>\n\t\t\t\t\t\t\t\t<\/div>\n\t\t\t\t\t<\/div>\n\t\t<\/section>\n\t\t\t\t<div class=\"elementor-element elementor-element-220efad elementor-widget elementor-widget-text-editor\" data-id=\"220efad\" data-element_type=\"widget\" data-widget_type=\"text-editor.default\">\n\t\t\t\t<div class=\"elementor-widget-container\">\n\t\t\t\t\t\t\t\t<div class=\"elementor-text-editor elementor-clearfix\">\n\t\t\t\t<p>Nous leur donnons l\u2019opportunit\u00e9 de grandir et de chercher de nouvelles affaires tout seul avec le soutien d\u2019une entreprise dont les propri\u00e9taires et la direction ont plus de 50 ans d\u2019exp\u00e9rience, d\u2019innovation et de perspicacit\u00e9. La r\u00e9alit\u00e9 d\u2019aujourd\u2019hui est qu\u2019il y a des enjeux de taille au sein de l\u2019industrie cr\u00e9e par:<\/p><ul class=\"owners\"><li>\u00a0Bas salaires<\/li><li>\u00a0Incitation au travail m\u00e9diocre<\/li><li>\u00a0Roulement \u00e9lev\u00e9<\/li><li>\u00a0Manque de supervision<\/li><li>\u00a0Manque de formation ad\u00e9quate<\/li><li>\u00a0Les d\u00e9fis dans les relations de travail<\/li><\/ul><p>Ces d\u00e9fis r\u00e9sultent globalement de ne pas recevoir le niveau de service demand\u00e9 par vos locataires. En plus, avec une concurrence accrue sur le march\u00e9, en tant que propri\u00e9taire, vos b\u00e2timents doivent se d\u00e9marquer de vos concurrents.<\/p><p>Le nettoyage est une priorit\u00e9 \u00e9lev\u00e9e et \u00e9tant l\u2019une des plus grandes d\u00e9penses pour les propri\u00e9taires ce n\u2019est pas quelque chose qui peut facilement \u00eatre n\u00e9glig\u00e9.<\/p>\t\t\t\t\t<\/div>\n\t\t\t\t\t\t<\/div>\n\t\t\t\t<\/div>\n\t\t\t\t\t\t<\/div>\n\t\t\t\t\t<\/div>\n\t\t<\/div>\n\t\t\t\t\t\t\t\t<\/div>\n\t\t\t\t\t<\/div>\n\t\t<\/section>\n\t\t\t\t<section class=\"elementor-section elementor-top-section elementor-element elementor-element-e34c41b elementor-section-boxed elementor-section-height-default elementor-section-height-default\" data-id=\"e34c41b\" data-element_type=\"section\">\n\t\t\t\t\t\t<div class=\"elementor-container elementor-column-gap-default\">\n\t\t\t\t\t\t\t<div class=\"elementor-row\">\n\t\t\t\t\t<div class=\"elementor-column elementor-col-100 elementor-top-column elementor-element elementor-element-9942e94\" data-id=\"9942e94\" data-element_type=\"column\">\n\t\t\t<div class=\"elementor-column-wrap elementor-element-populated\">\n\t\t\t\t\t\t\t<div class=\"elementor-widget-wrap\">\n\t\t\t\t\t\t<section class=\"elementor-section elementor-inner-section elementor-element elementor-element-9785cf1 elementor-section-boxed elementor-section-height-default elementor-section-height-default\" data-id=\"9785cf1\" data-element_type=\"section\">\n\t\t\t\t\t\t<div class=\"elementor-container elementor-column-gap-default\">\n\t\t\t\t\t\t\t<div class=\"elementor-row\">\n\t\t\t\t\t<div class=\"elementor-column elementor-col-50 elementor-inner-column elementor-element elementor-element-ac0b66d\" data-id=\"ac0b66d\" data-element_type=\"column\">\n\t\t\t<div class=\"elementor-column-wrap elementor-element-populated\">\n\t\t\t\t\t\t\t<div class=\"elementor-widget-wrap\">\n\t\t\t\t\t\t<div class=\"elementor-element elementor-element-818e335 elementor-view-default elementor-widget elementor-widget-icon\" data-id=\"818e335\" data-element_type=\"widget\" data-widget_type=\"icon.default\">\n\t\t\t\t<div class=\"elementor-widget-container\">\n\t\t\t\t\t<div class=\"elementor-icon-wrapper\">\n\t\t\t<div class=\"elementor-icon\">\n\t\t\t\t\t\t\t<i class=\"fa fa-shield\" aria-hidden=\"true\"><\/i>\n\t\t\t\t\t\t<\/div>\n\t\t<\/div>\n\t\t\t\t<\/div>\n\t\t\t\t<\/div>\n\t\t\t\t\t\t<\/div>\n\t\t\t\t\t<\/div>\n\t\t<\/div>\n\t\t\t\t<div class=\"elementor-column elementor-col-50 elementor-inner-column elementor-element elementor-element-65f6a2d\" data-id=\"65f6a2d\" data-element_type=\"column\">\n\t\t\t<div class=\"elementor-column-wrap elementor-element-populated\">\n\t\t\t\t\t\t\t<div class=\"elementor-widget-wrap\">\n\t\t\t\t\t\t<div class=\"elementor-element elementor-element-552108b elementor-widget elementor-widget-heading\" data-id=\"552108b\" data-element_type=\"widget\" data-widget_type=\"heading.default\">\n\t\t\t\t<div class=\"elementor-widget-container\">\n\t\t\t<h2 class=\"elementor-heading-title elementor-size-default\">AVANTAGE  CNET <\/h2>\t\t<\/div>\n\t\t\t\t<\/div>\n\t\t\t\t\t\t<\/div>\n\t\t\t\t\t<\/div>\n\t\t<\/div>\n\t\t\t\t\t\t\t\t<\/div>\n\t\t\t\t\t<\/div>\n\t\t<\/section>\n\t\t\t\t<div class=\"elementor-element elementor-element-bb999e7 elementor-widget elementor-widget-text-editor\" data-id=\"bb999e7\" data-element_type=\"widget\" data-widget_type=\"text-editor.default\">\n\t\t\t\t<div class=\"elementor-widget-container\">\n\t\t\t\t\t\t\t\t<div class=\"elementor-text-editor elementor-clearfix\">\n\t\t\t\t<p>CNET fournit \u00e0 ses partenaires tous les outils, syst\u00e8mes, formation, l&rsquo;exp\u00e9rience et l&rsquo;expertise n\u00e9cessaires pour exceller. Un pas de plus est qu\u2019ils deviennent un partenaire du succ\u00e8s de l\u2019entreprise. Ils ne sont plus juste un employ\u00e9. Ils ont maintenant une carri\u00e8re en tant que propri\u00e9taire. Nous leur donnons la possibilit\u00e9 de se d\u00e9velopper et de rechercher de nouvelles affaires par eux-m\u00eames avec le soutien d&rsquo;une entreprise dont les propri\u00e9taires et la direction ont plus de 50 ans d&rsquo;exp\u00e9rience, d&rsquo;innovation et de perspicacit\u00e9. <\/p><p>Les principaux avantages en partenariat avec un leader \u00e9tabli du secteur, nous assurons \u00e0 nos partenaires un soutien complet dans tous les aspects de la gestion d\u2019une entreprise, ainsi que des outils n\u00e9cessaires \u00e0 la r\u00e9alisation de leurs objectifs. <\/p><p>L\u2019avantage pour vous en tant que client est que maintenant vous aurez le d\u00e9vouement et la productivit\u00e9 des propri\u00e9taires pour l&rsquo;entretien de vos b\u00e2timents. <\/p>\t\t\t\t\t<\/div>\n\t\t\t\t\t\t<\/div>\n\t\t\t\t<\/div>\n\t\t\t\t\t\t<\/div>\n\t\t\t\t\t<\/div>\n\t\t<\/div>\n\t\t\t\t\t\t\t\t<\/div>\n\t\t\t\t\t<\/div>\n\t\t<\/section>\n\t\t\t\t<section class=\"elementor-section elementor-top-section elementor-element elementor-element-65ca671 elementor-section-stretched testimonials-about elementor-section-boxed elementor-section-height-default elementor-section-height-default\" data-id=\"65ca671\" data-element_type=\"section\" data-settings=\"{&quot;stretch_section&quot;:&quot;section-stretched&quot;,&quot;background_background&quot;:&quot;classic&quot;}\">\n\t\t\t\t\t\t\t<div class=\"elementor-background-overlay\"><\/div>\n\t\t\t\t\t\t\t<div class=\"elementor-container elementor-column-gap-default\">\n\t\t\t\t\t\t\t<div class=\"elementor-row\">\n\t\t\t\t\t<div class=\"elementor-column elementor-col-100 elementor-top-column elementor-element elementor-element-a4da9ed\" data-id=\"a4da9ed\" data-element_type=\"column\">\n\t\t\t<div class=\"elementor-column-wrap elementor-element-populated\">\n\t\t\t\t\t\t\t<div class=\"elementor-widget-wrap\">\n\t\t\t\t\t\t<div class=\"elementor-element elementor-element-2a799a5 elementor-widget elementor-widget-lae-heading\" data-id=\"2a799a5\" data-element_type=\"widget\" data-widget_type=\"lae-heading.default\">\n\t\t\t\t<div class=\"elementor-widget-container\">\n\t\t\t\n   <!--       -->\n\n        <div class=\"lae-heading lae-style3 lae-aligncenter\" >\n\n            \n            <h3 class=\"lae-title\">Testimonials<\/h3>\n\n            \n        <\/div>\n\n        \t\t<\/div>\n\t\t\t\t<\/div>\n\t\t\t\t<div class=\"elementor-element elementor-element-d138df1 elementor-widget elementor-widget-dual_testimonials\" data-id=\"d138df1\" data-element_type=\"widget\" data-widget_type=\"dual_testimonials.default\">\n\t\t\t\t<div class=\"elementor-widget-container\">\n\t\t\t    <div class=\"testimonial owl-carousel\">\r\n            <div class=\"item\">\r\n                <div class=\"client-left\"><img src=\"\" alt=\"client\" \/>                    <h6 class=\"client-name\">Robert Palmer <\/h6>\r\n                                    <\/div>     \r\n                <div class=\"client-feedback\">\r\n                    <p>Donec ac lacus nec diam gravida pellentesque orbi viverra facilisis massa a ullamcorper. Vivamus egestas tincidunt faucibus.<\/p>\r\n                <\/div>    \r\n            <\/div>\r\n                <div class=\"item\">\r\n                <div class=\"client-left\"><img src=\"\" alt=\"client\" \/>                    <h6 class=\"client-name\">Lily Anderson<\/h6>\r\n                                    <\/div>     \r\n                <div class=\"client-feedback\">\r\n                    <p>Donec ac lacus nec diam gravida pellentesque orbi viverra facilisis massa a ullamcorper. Vivamus egestas tincidunt faucibus.<\/p>\r\n                <\/div>    \r\n            <\/div>\r\n                <div class=\"item\">\r\n                <div class=\"client-left\"><img src=\"\" alt=\"client\" \/>                    <h6 class=\"client-name\">James Bond<\/h6>\r\n                                    <\/div>     \r\n                <div class=\"client-feedback\">\r\n                    <p>Donec ac lacus nec diam gravida pellentesque orbi viverra facilisis massa a ullamcorper. Vivamus egestas tincidunt faucibus.<\/p>\r\n                <\/div>    \r\n            <\/div>\r\n        <script>\r\n    jQuery(document).ready(function($) {            \r\n        var $client =  $('.testimonial')\r\n        if ($client.length) {\r\n            $client.owlCarousel({\r\n                loop:true,\r\n                margin:30,\r\n                nav:true,\r\n                autoplayHoverPause:false,\r\n                autoplay: true,\r\n                smartSpeed: 500,\r\n                navText: [ '<i class=\"fa fa-angle-left\"><\/i>', '<i class=\"fa fa-angle-right\"><\/i>' ],\r\n                responsive:{\r\n                    0:{\r\n                        items:1\r\n                    },\r\n                    600:{\r\n                        items:1\r\n                    },\r\n                    760:{\r\n                        items:2\r\n                    },\r\n                    1024:{\r\n                        items:2                    },\r\n                }\r\n            });         \r\n        }\r\n    });\r\n    <\/script>\r\n<\/div>\r\n\t\t<\/div>\n\t\t\t\t<\/div>\n\t\t\t\t\t\t<\/div>\n\t\t\t\t\t<\/div>\n\t\t<\/div>\n\t\t\t\t\t\t\t\t<\/div>\n\t\t\t\t\t<\/div>\n\t\t<\/section>\n\t\t\t\t<section class=\"elementor-section elementor-top-section elementor-element elementor-element-52a5ef6 elementor-section-boxed elementor-section-height-default elementor-section-height-default\" data-id=\"52a5ef6\" data-element_type=\"section\">\n\t\t\t\t\t\t<div class=\"elementor-container elementor-column-gap-default\">\n\t\t\t\t\t\t\t<div class=\"elementor-row\">\n\t\t\t\t\t<div class=\"elementor-column elementor-col-100 elementor-top-column elementor-element elementor-element-4d54232\" data-id=\"4d54232\" data-element_type=\"column\">\n\t\t\t<div class=\"elementor-column-wrap elementor-element-populated\">\n\t\t\t\t\t\t\t<div class=\"elementor-widget-wrap\">\n\t\t\t\t\t\t<div class=\"elementor-element elementor-element-0495552 elementor-widget elementor-widget-image\" data-id=\"0495552\" data-element_type=\"widget\" data-widget_type=\"image.default\">\n\t\t\t\t<div class=\"elementor-widget-container\">\n\t\t\t\t\t\t\t\t<div class=\"elementor-image\">\n\t\t\t\t\t\t\t\t\t\t\t\t<img width=\"1024\" height=\"464\" src=\"https:\/\/www.c-net.ca\/wp-content\/uploads\/2019\/05\/CNET_about_cleaners-1024x464.jpg\" class=\"attachment-large size-large\" alt=\"\" loading=\"lazy\" srcset=\"https:\/\/www.c-net.ca\/wp-content\/uploads\/2019\/05\/CNET_about_cleaners-1024x464.jpg 1024w, https:\/\/www.c-net.ca\/wp-content\/uploads\/2019\/05\/CNET_about_cleaners-300x136.jpg 300w, https:\/\/www.c-net.ca\/wp-content\/uploads\/2019\/05\/CNET_about_cleaners-768x348.jpg 768w, https:\/\/www.c-net.ca\/wp-content\/uploads\/2019\/05\/CNET_about_cleaners-340x154.jpg 340w, https:\/\/www.c-net.ca\/wp-content\/uploads\/2019\/05\/CNET_about_cleaners-600x272.jpg 600w, https:\/\/www.c-net.ca\/wp-content\/uploads\/2019\/05\/CNET_about_cleaners.jpg 1300w\" sizes=\"(max-width: 1024px) 100vw, 1024px\" \/>\t\t\t\t\t\t\t\t\t\t\t\t\t\t<\/div>\n\t\t\t\t\t\t<\/div>\n\t\t\t\t<\/div>\n\t\t\t\t\t\t<\/div>\n\t\t\t\t\t<\/div>\n\t\t<\/div>\n\t\t\t\t\t\t\t\t<\/div>\n\t\t\t\t\t<\/div>\n\t\t<\/section>\n\t\t\t\t<section class=\"elementor-section elementor-top-section elementor-element elementor-element-1675739 elementor-section-stretched elementor-section-full_width elementor-section-height-default elementor-section-height-default\" data-id=\"1675739\" data-element_type=\"section\" data-settings=\"{&quot;stretch_section&quot;:&quot;section-stretched&quot;,&quot;background_background&quot;:&quot;classic&quot;}\">\n\t\t\t\t\t\t<div class=\"elementor-container elementor-column-gap-default\">\n\t\t\t\t\t\t\t<div class=\"elementor-row\">\n\t\t\t\t\t<div class=\"elementor-column elementor-col-100 elementor-top-column elementor-element elementor-element-235250f\" data-id=\"235250f\" data-element_type=\"column\">\n\t\t\t<div class=\"elementor-column-wrap elementor-element-populated\">\n\t\t\t\t\t\t\t<div class=\"elementor-widget-wrap\">\n\t\t\t\t\t\t<div class=\"elementor-element elementor-element-09a5cef bddex-dual-header-content-align-center elementor-widget elementor-widget-bddex-dual-color-header\" data-id=\"09a5cef\" data-element_type=\"widget\" data-widget_type=\"bddex-dual-color-header.default\">\n\t\t\t\t<div class=\"elementor-widget-container\">\n\t\t\t\t\t<div class=\"bddex-dual-header\">\r\n\t\t<h2 class=\"title\"><span class=\"lead\">CNET a la solution en tout temps<\/span> <span><\/span><\/h2>\r\n\t   <span class=\"subtext\"><\/span>\r\n\t   \t<\/div>\r\n\t\r\n\t\r\n\t\r\n\t\r\n\t\t\t<\/div>\n\t\t\t\t<\/div>\n\t\t\t\t\t\t<\/div>\n\t\t\t\t\t<\/div>\n\t\t<\/div>\n\t\t\t\t\t\t\t\t<\/div>\n\t\t\t\t\t<\/div>\n\t\t<\/section>\n\t\t\t\t\t\t<\/div>\n\t\t\t\t\t\t<\/div>\n\t\t\t\t\t<\/div>\n\t\t","protected":false},"excerpt":{"rendered":"<p>Au milieu de 2015, apr\u00e8s avoir \u00e9t\u00e9 un intervenant cl\u00e9 dans une firme avec un service de nettoyage et de conciergerie de qualit\u00e9 desservant le Qu\u00e9bec et les milieux d\u2019affaires Ontarien depuis 1967, le concept est n\u00e9 pour partager notre mod\u00e8le avec une communaut\u00e9 plus large. Nous devions nous assurer que nous pourrions reproduire les.<\/p>\n","protected":false},"author":1,"featured_media":0,"parent":0,"menu_order":0,"comment_status":"closed","ping_status":"closed","template":"","meta":[],"_links":{"self":[{"href":"https:\/\/www.c-net.ca\/fr\/wp-json\/wp\/v2\/pages\/540"}],"collection":[{"href":"https:\/\/www.c-net.ca\/fr\/wp-json\/wp\/v2\/pages"}],"about":[{"href":"https:\/\/www.c-net.ca\/fr\/wp-json\/wp\/v2\/types\/page"}],"author":[{"embeddable":true,"href":"https:\/\/www.c-net.ca\/fr\/wp-json\/wp\/v2\/users\/1"}],"replies":[{"embeddable":true,"href":"https:\/\/www.c-net.ca\/fr\/wp-json\/wp\/v2\/comments?post=540"}],"version-history":[{"count":11,"href":"https:\/\/www.c-net.ca\/fr\/wp-json\/wp\/v2\/pages\/540\/revisions"}],"predecessor-version":[{"id":722,"href":"https:\/\/www.c-net.ca\/fr\/wp-json\/wp\/v2\/pages\/540\/revisions\/722"}],"wp:attachment":[{"href":"https:\/\/www.c-net.ca\/fr\/wp-json\/wp\/v2\/media?parent=540"}],"curies":[{"name":"wp","href":"https:\/\/api.w.org\/{rel}","templated":true}]}}