


{"id":599,"date":"2018-06-25T16:02:49","date_gmt":"2018-06-25T16:02:49","guid":{"rendered":"https:\/\/www.c-net.ca\/cnet-advantage\/"},"modified":"2019-06-18T18:32:40","modified_gmt":"2019-06-18T22:32:40","slug":"avantages-cnet","status":"publish","type":"page","link":"https:\/\/www.c-net.ca\/fr\/avantages-cnet\/","title":{"rendered":"Avantages CNET"},"content":{"rendered":"\t\t<div data-elementor-type=\"wp-post\" data-elementor-id=\"599\" class=\"elementor elementor-599 elementor-251\" data-elementor-settings=\"[]\">\n\t\t\t\t\t\t<div class=\"elementor-inner\">\n\t\t\t\t\t\t\t<div class=\"elementor-section-wrap\">\n\t\t\t\t\t\t\t<section class=\"elementor-section elementor-top-section elementor-element elementor-element-5396a883 elementor-section-stretched elementor-section-boxed elementor-section-height-default elementor-section-height-default\" data-id=\"5396a883\" data-element_type=\"section\" data-settings=\"{&quot;stretch_section&quot;:&quot;section-stretched&quot;}\">\n\t\t\t\t\t\t<div class=\"elementor-container elementor-column-gap-default\">\n\t\t\t\t\t\t\t<div class=\"elementor-row\">\n\t\t\t\t\t<div class=\"elementor-column elementor-col-33 elementor-top-column elementor-element elementor-element-440a6bae\" data-id=\"440a6bae\" data-element_type=\"column\">\n\t\t\t<div class=\"elementor-column-wrap elementor-element-populated\">\n\t\t\t\t\t\t\t<div class=\"elementor-widget-wrap\">\n\t\t\t\t\t\t<div class=\"elementor-element elementor-element-17f0239c elementor-widget elementor-widget-text-editor\" data-id=\"17f0239c\" data-element_type=\"widget\" data-widget_type=\"text-editor.default\">\n\t\t\t\t<div class=\"elementor-widget-container\">\n\t\t\t\t\t\t\t\t<div class=\"elementor-text-editor elementor-clearfix\">\n\t\t\t\t<p><strong>CNET<\/strong> donne \u00e0 nos partenaires tous les outils, syst\u00e8mes, formation, exp\u00e9rience et expertise n\u00e9cessaires pour exceller. Un pas de plus est qu\u2019ils deviennent un partenaire du succ\u00e8s de l\u2019entreprise. Ils ne sont plus juste un employ\u00e9. Ils ont maintenant une carri\u00e8re en tant que propri\u00e9taire. Nous leur donnons la possibilit\u00e9 de se d\u00e9velopper et de rechercher de nouvelles affaires par eux-m\u00eames avec le soutien et le soutien d&rsquo;une entreprise dont les propri\u00e9taires et la direction ont plus de 50 ans d&rsquo;exp\u00e9rience, d&rsquo;innovation et de perspicacit\u00e9. <\/ P> <\/p>\n<p> Les principaux avantages En partenariat avec un chef de file \u00e9tabli du secteur, nous assurons \u00e0 nos partenaires un soutien complet dans tous les aspects de la gestion d\u2019une entreprise, ainsi que des outils n\u00e9cessaires \u00e0 sa r\u00e9alisation. <\/ p> <\/p>\n<p> L\u2019avantage pour vous en tant que client, c\u2019est que maintenant vous aurez le d\u00e9vouement et la productivit\u00e9 des propri\u00e9taires qui entretiennent vos b\u00e2timents.<\/p>\n\t\t\t\t\t<\/div>\n\t\t\t\t\t\t<\/div>\n\t\t\t\t<\/div>\n\t\t\t\t\t\t<\/div>\n\t\t\t\t\t<\/div>\n\t\t<\/div>\n\t\t\t\t<div class=\"elementor-column elementor-col-33 elementor-top-column elementor-element elementor-element-4f0e31ac\" data-id=\"4f0e31ac\" data-element_type=\"column\">\n\t\t\t<div class=\"elementor-column-wrap\">\n\t\t\t\t\t\t\t<div class=\"elementor-widget-wrap\">\n\t\t\t\t\t\t\t\t<\/div>\n\t\t\t\t\t<\/div>\n\t\t<\/div>\n\t\t\t\t<div class=\"elementor-column elementor-col-33 elementor-top-column elementor-element elementor-element-5afb01f7\" data-id=\"5afb01f7\" data-element_type=\"column\">\n\t\t\t<div class=\"elementor-column-wrap elementor-element-populated\">\n\t\t\t\t\t\t\t<div class=\"elementor-widget-wrap\">\n\t\t\t\t\t\t<div class=\"elementor-element elementor-element-433a1556 elementor-widget elementor-widget-image\" data-id=\"433a1556\" data-element_type=\"widget\" data-widget_type=\"image.default\">\n\t\t\t\t<div class=\"elementor-widget-container\">\n\t\t\t\t\t\t\t\t<div class=\"elementor-image\">\n\t\t\t\t\t\t\t\t\t\t\t\t<img width=\"510\" height=\"369\" src=\"https:\/\/www.c-net.ca\/wp-content\/uploads\/2019\/05\/avantage-tp.jpg\" class=\"attachment-large size-large\" alt=\"\" loading=\"lazy\" srcset=\"https:\/\/www.c-net.ca\/wp-content\/uploads\/2019\/05\/avantage-tp.jpg 510w, https:\/\/www.c-net.ca\/wp-content\/uploads\/2019\/05\/avantage-tp-300x217.jpg 300w, https:\/\/www.c-net.ca\/wp-content\/uploads\/2019\/05\/avantage-tp-340x246.jpg 340w\" sizes=\"(max-width: 510px) 100vw, 510px\" \/>\t\t\t\t\t\t\t\t\t\t\t\t\t\t<\/div>\n\t\t\t\t\t\t<\/div>\n\t\t\t\t<\/div>\n\t\t\t\t\t\t<\/div>\n\t\t\t\t\t<\/div>\n\t\t<\/div>\n\t\t\t\t\t\t\t\t<\/div>\n\t\t\t\t\t<\/div>\n\t\t<\/section>\n\t\t\t\t<section class=\"elementor-section elementor-top-section elementor-element elementor-element-6ee1d5fc elementor-section-boxed elementor-section-height-default elementor-section-height-default\" data-id=\"6ee1d5fc\" data-element_type=\"section\">\n\t\t\t\t\t\t<div class=\"elementor-container elementor-column-gap-default\">\n\t\t\t\t\t\t\t<div class=\"elementor-row\">\n\t\t\t\t\t<div class=\"elementor-column elementor-col-100 elementor-top-column elementor-element elementor-element-3d27cb5b\" data-id=\"3d27cb5b\" data-element_type=\"column\">\n\t\t\t<div class=\"elementor-column-wrap elementor-element-populated\">\n\t\t\t\t\t\t\t<div class=\"elementor-widget-wrap\">\n\t\t\t\t\t\t<div class=\"elementor-element elementor-element-74834bad elementor-widget elementor-widget-image\" data-id=\"74834bad\" data-element_type=\"widget\" data-widget_type=\"image.default\">\n\t\t\t\t<div class=\"elementor-widget-container\">\n\t\t\t\t\t\t\t\t<div class=\"elementor-image\">\n\t\t\t\t\t\t\t\t\t\t\t\t<img width=\"1024\" height=\"464\" src=\"https:\/\/www.c-net.ca\/wp-content\/uploads\/2019\/05\/CNET_about_cleaners-1024x464.jpg\" class=\"attachment-large size-large\" alt=\"\" loading=\"lazy\" srcset=\"https:\/\/www.c-net.ca\/wp-content\/uploads\/2019\/05\/CNET_about_cleaners-1024x464.jpg 1024w, https:\/\/www.c-net.ca\/wp-content\/uploads\/2019\/05\/CNET_about_cleaners-300x136.jpg 300w, https:\/\/www.c-net.ca\/wp-content\/uploads\/2019\/05\/CNET_about_cleaners-768x348.jpg 768w, https:\/\/www.c-net.ca\/wp-content\/uploads\/2019\/05\/CNET_about_cleaners-340x154.jpg 340w, https:\/\/www.c-net.ca\/wp-content\/uploads\/2019\/05\/CNET_about_cleaners-600x272.jpg 600w, https:\/\/www.c-net.ca\/wp-content\/uploads\/2019\/05\/CNET_about_cleaners.jpg 1300w\" sizes=\"(max-width: 1024px) 100vw, 1024px\" \/>\t\t\t\t\t\t\t\t\t\t\t\t\t\t<\/div>\n\t\t\t\t\t\t<\/div>\n\t\t\t\t<\/div>\n\t\t\t\t\t\t<\/div>\n\t\t\t\t\t<\/div>\n\t\t<\/div>\n\t\t\t\t\t\t\t\t<\/div>\n\t\t\t\t\t<\/div>\n\t\t<\/section>\n\t\t\t\t<section class=\"elementor-section elementor-top-section elementor-element elementor-element-33f82b95 elementor-section-stretched elementor-section-full_width elementor-section-height-default elementor-section-height-default\" data-id=\"33f82b95\" data-element_type=\"section\" data-settings=\"{&quot;stretch_section&quot;:&quot;section-stretched&quot;,&quot;background_background&quot;:&quot;classic&quot;}\">\n\t\t\t\t\t\t<div class=\"elementor-container elementor-column-gap-default\">\n\t\t\t\t\t\t\t<div class=\"elementor-row\">\n\t\t\t\t\t<div class=\"elementor-column elementor-col-100 elementor-top-column elementor-element elementor-element-707faac8\" data-id=\"707faac8\" data-element_type=\"column\">\n\t\t\t<div class=\"elementor-column-wrap elementor-element-populated\">\n\t\t\t\t\t\t\t<div class=\"elementor-widget-wrap\">\n\t\t\t\t\t\t<div class=\"elementor-element elementor-element-4ea663d9 bddex-dual-header-content-align-center elementor-widget elementor-widget-bddex-dual-color-header\" data-id=\"4ea663d9\" data-element_type=\"widget\" data-widget_type=\"bddex-dual-color-header.default\">\n\t\t\t\t<div class=\"elementor-widget-container\">\n\t\t\t\t\t<div class=\"bddex-dual-header\">\r\n\t\t<h2 class=\"title\"><span class=\"lead\">CNET assure le professionnalisme<\/span> <span><\/span><\/h2>\r\n\t   <span class=\"subtext\"><\/span>\r\n\t   \t<\/div>\r\n\t\r\n\t\r\n\t\r\n\t\r\n\t\t\t<\/div>\n\t\t\t\t<\/div>\n\t\t\t\t\t\t<\/div>\n\t\t\t\t\t<\/div>\n\t\t<\/div>\n\t\t\t\t\t\t\t\t<\/div>\n\t\t\t\t\t<\/div>\n\t\t<\/section>\n\t\t\t\t\t\t<\/div>\n\t\t\t\t\t\t<\/div>\n\t\t\t\t\t<\/div>\n\t\t","protected":false},"excerpt":{"rendered":"<p>CNET donne \u00e0 nos partenaires tous les outils, syst\u00e8mes, formation, exp\u00e9rience et expertise n\u00e9cessaires pour exceller. Un pas de plus est qu\u2019ils deviennent un partenaire du succ\u00e8s de l\u2019entreprise. Ils ne sont plus juste un employ\u00e9. Ils ont maintenant une carri\u00e8re en tant que propri\u00e9taire. Nous leur donnons la possibilit\u00e9 de se d\u00e9velopper et de.<\/p>\n","protected":false},"author":1,"featured_media":0,"parent":0,"menu_order":0,"comment_status":"closed","ping_status":"closed","template":"","meta":[],"_links":{"self":[{"href":"https:\/\/www.c-net.ca\/fr\/wp-json\/wp\/v2\/pages\/599"}],"collection":[{"href":"https:\/\/www.c-net.ca\/fr\/wp-json\/wp\/v2\/pages"}],"about":[{"href":"https:\/\/www.c-net.ca\/fr\/wp-json\/wp\/v2\/types\/page"}],"author":[{"embeddable":true,"href":"https:\/\/www.c-net.ca\/fr\/wp-json\/wp\/v2\/users\/1"}],"replies":[{"embeddable":true,"href":"https:\/\/www.c-net.ca\/fr\/wp-json\/wp\/v2\/comments?post=599"}],"version-history":[{"count":4,"href":"https:\/\/www.c-net.ca\/fr\/wp-json\/wp\/v2\/pages\/599\/revisions"}],"predecessor-version":[{"id":697,"href":"https:\/\/www.c-net.ca\/fr\/wp-json\/wp\/v2\/pages\/599\/revisions\/697"}],"wp:attachment":[{"href":"https:\/\/www.c-net.ca\/fr\/wp-json\/wp\/v2\/media?parent=599"}],"curies":[{"name":"wp","href":"https:\/\/api.w.org\/{rel}","templated":true}]}}