


{"id":604,"date":"2019-04-25T12:19:47","date_gmt":"2019-04-25T16:19:47","guid":{"rendered":"https:\/\/www.c-net.ca\/franchise\/"},"modified":"2019-05-09T12:47:25","modified_gmt":"2019-05-09T16:47:25","slug":"franchise","status":"publish","type":"page","link":"https:\/\/www.c-net.ca\/fr\/franchise\/","title":{"rendered":"Franchise"},"content":{"rendered":"\t\t<div data-elementor-type=\"wp-post\" data-elementor-id=\"604\" class=\"elementor elementor-604 elementor-276\" data-elementor-settings=\"[]\">\n\t\t\t\t\t\t<div class=\"elementor-inner\">\n\t\t\t\t\t\t\t<div class=\"elementor-section-wrap\">\n\t\t\t\t\t\t\t<section class=\"elementor-section elementor-top-section elementor-element elementor-element-4cc0916a elementor-section-stretched elementor-section-boxed elementor-section-height-default elementor-section-height-default\" data-id=\"4cc0916a\" data-element_type=\"section\" data-settings=\"{&quot;stretch_section&quot;:&quot;section-stretched&quot;}\">\n\t\t\t\t\t\t<div class=\"elementor-container elementor-column-gap-default\">\n\t\t\t\t\t\t\t<div class=\"elementor-row\">\n\t\t\t\t\t<div class=\"elementor-column elementor-col-100 elementor-top-column elementor-element elementor-element-3d49aedd\" data-id=\"3d49aedd\" data-element_type=\"column\">\n\t\t\t<div class=\"elementor-column-wrap elementor-element-populated\">\n\t\t\t\t\t\t\t<div class=\"elementor-widget-wrap\">\n\t\t\t\t\t\t<div class=\"elementor-element elementor-element-5a09af8a elementor-widget elementor-widget-text-editor\" data-id=\"5a09af8a\" data-element_type=\"widget\" data-widget_type=\"text-editor.default\">\n\t\t\t\t<div class=\"elementor-widget-container\">\n\t\t\t\t\t\t\t\t<div class=\"elementor-text-editor elementor-clearfix\">\n\t\t\t\t<p>Gr\u00e2ce \u00e0 une franchise <strong>CNET<\/strong>, il est possible de g\u00e9rer votre propre entreprise tout en partageant les nombreux avantages et \u00e9conomies d\u2019\u00e9chelle dont b\u00e9n\u00e9ficie une grande entreprise.<\/p>\n\t\t\t\t\t<\/div>\n\t\t\t\t\t\t<\/div>\n\t\t\t\t<\/div>\n\t\t\t\t\t\t<\/div>\n\t\t\t\t\t<\/div>\n\t\t<\/div>\n\t\t\t\t\t\t\t\t<\/div>\n\t\t\t\t\t<\/div>\n\t\t<\/section>\n\t\t\t\t<section class=\"elementor-section elementor-top-section elementor-element elementor-element-e57bbc2 elementor-section-stretched elementor-section-boxed elementor-section-height-default elementor-section-height-default\" data-id=\"e57bbc2\" data-element_type=\"section\" data-settings=\"{&quot;stretch_section&quot;:&quot;section-stretched&quot;}\">\n\t\t\t\t\t\t<div class=\"elementor-container elementor-column-gap-default\">\n\t\t\t\t\t\t\t<div class=\"elementor-row\">\n\t\t\t\t\t<div class=\"elementor-column elementor-col-33 elementor-top-column elementor-element elementor-element-1432e85\" data-id=\"1432e85\" data-element_type=\"column\">\n\t\t\t<div class=\"elementor-column-wrap elementor-element-populated\">\n\t\t\t\t\t\t\t<div class=\"elementor-widget-wrap\">\n\t\t\t\t\t\t<div class=\"elementor-element elementor-element-4aede96 elementor-widget elementor-widget-heading\" data-id=\"4aede96\" data-element_type=\"widget\" data-widget_type=\"heading.default\">\n\t\t\t\t<div class=\"elementor-widget-container\">\n\t\t\t<h2 class=\"elementor-heading-title elementor-size-default\">Vous b\u00e9n\u00e9ficierez de la marque respect\u00e9e C NET.<\/h2>\t\t<\/div>\n\t\t\t\t<\/div>\n\t\t\t\t<div class=\"elementor-element elementor-element-3f58a0f elementor-widget elementor-widget-text-editor\" data-id=\"3f58a0f\" data-element_type=\"widget\" data-widget_type=\"text-editor.default\">\n\t\t\t\t<div class=\"elementor-widget-container\">\n\t\t\t\t\t\t\t\t<div class=\"elementor-text-editor elementor-clearfix\">\n\t\t\t\t<p>Chaque entrepreneur fait des erreurs dans les premi\u00e8res ann\u00e9es d\u2019une nouvelle entreprise. Certaines erreurs sont futiles, mais d\u2019autres peuvent \u00eatre fatales pour l\u2019entreprise, beaucoup sont \u00e9vitables. <\/p>\n<p>L\u2019avantage d\u2019une franchise <strong>CNET<\/strong> est que les grandes erreurs potentielles ont d\u00e9j\u00e0 \u00e9t\u00e9 \u00e9limin\u00e9es du syst\u00e8me. En suivant notre m\u00e9thodologie d\u2019entreprise, ces erreurs peuvent \u00eatre \u00e9vit\u00e9es, augmentant ainsi la probabilit\u00e9 de r\u00e9ussite de vos activit\u00e9s de franchis\u00e9.<\/p>\n<p>Bien que nous nous attendions \u00e0 ce qu\u2019un nouveau franchis\u00e9 soit en grande partie pr\u00eat pour notre entreprise, le programme de formation initiale compense les zones d\u2019inexp\u00e9riences. Une formation, des conseils et des orientations suppl\u00e9mentaires seront \u00e9galement fournis sur une base continue.<\/p>\n\t\t\t\t\t<\/div>\n\t\t\t\t\t\t<\/div>\n\t\t\t\t<\/div>\n\t\t\t\t<div class=\"elementor-element elementor-element-aee025e elementor-widget elementor-widget-image\" data-id=\"aee025e\" data-element_type=\"widget\" data-widget_type=\"image.default\">\n\t\t\t\t<div class=\"elementor-widget-container\">\n\t\t\t\t\t\t\t\t<div class=\"elementor-image\">\n\t\t\t\t\t\t\t\t\t\t\t\t<img width=\"648\" height=\"524\" src=\"https:\/\/www.c-net.ca\/wp-content\/uploads\/2019\/05\/francaise-2.jpg\" class=\"attachment-large size-large\" alt=\"\" loading=\"lazy\" srcset=\"https:\/\/www.c-net.ca\/wp-content\/uploads\/2019\/05\/francaise-2.jpg 648w, https:\/\/www.c-net.ca\/wp-content\/uploads\/2019\/05\/francaise-2-300x243.jpg 300w, https:\/\/www.c-net.ca\/wp-content\/uploads\/2019\/05\/francaise-2-150x120.jpg 150w, https:\/\/www.c-net.ca\/wp-content\/uploads\/2019\/05\/francaise-2-340x275.jpg 340w, https:\/\/www.c-net.ca\/wp-content\/uploads\/2019\/05\/francaise-2-600x485.jpg 600w\" sizes=\"(max-width: 648px) 100vw, 648px\" \/>\t\t\t\t\t\t\t\t\t\t\t\t\t\t<\/div>\n\t\t\t\t\t\t<\/div>\n\t\t\t\t<\/div>\n\t\t\t\t\t\t<\/div>\n\t\t\t\t\t<\/div>\n\t\t<\/div>\n\t\t\t\t<div class=\"elementor-column elementor-col-33 elementor-top-column elementor-element elementor-element-bea3195\" data-id=\"bea3195\" data-element_type=\"column\">\n\t\t\t<div class=\"elementor-column-wrap\">\n\t\t\t\t\t\t\t<div class=\"elementor-widget-wrap\">\n\t\t\t\t\t\t\t\t<\/div>\n\t\t\t\t\t<\/div>\n\t\t<\/div>\n\t\t\t\t<div class=\"elementor-column elementor-col-33 elementor-top-column elementor-element elementor-element-c591952\" data-id=\"c591952\" data-element_type=\"column\">\n\t\t\t<div class=\"elementor-column-wrap elementor-element-populated\">\n\t\t\t\t\t\t\t<div class=\"elementor-widget-wrap\">\n\t\t\t\t\t\t<div class=\"elementor-element elementor-element-bbd105c elementor-widget elementor-widget-image\" data-id=\"bbd105c\" data-element_type=\"widget\" data-widget_type=\"image.default\">\n\t\t\t\t<div class=\"elementor-widget-container\">\n\t\t\t\t\t\t\t\t<div class=\"elementor-image\">\n\t\t\t\t\t\t\t\t\t\t\t\t<img width=\"521\" height=\"375\" src=\"https:\/\/www.c-net.ca\/wp-content\/uploads\/2019\/05\/francaise-1.jpg\" class=\"attachment-large size-large\" alt=\"\" loading=\"lazy\" srcset=\"https:\/\/www.c-net.ca\/wp-content\/uploads\/2019\/05\/francaise-1.jpg 521w, https:\/\/www.c-net.ca\/wp-content\/uploads\/2019\/05\/francaise-1-300x216.jpg 300w, https:\/\/www.c-net.ca\/wp-content\/uploads\/2019\/05\/francaise-1-340x245.jpg 340w\" sizes=\"(max-width: 521px) 100vw, 521px\" \/>\t\t\t\t\t\t\t\t\t\t\t\t\t\t<\/div>\n\t\t\t\t\t\t<\/div>\n\t\t\t\t<\/div>\n\t\t\t\t<div class=\"elementor-element elementor-element-41b4138 elementor-widget elementor-widget-text-editor\" data-id=\"41b4138\" data-element_type=\"widget\" data-widget_type=\"text-editor.default\">\n\t\t\t\t<div class=\"elementor-widget-container\">\n\t\t\t\t\t\t\t\t<div class=\"elementor-text-editor elementor-clearfix\">\n\t\t\t\t<p><strong>CNET<\/strong> a consacr\u00e9 beaucoup de temps et d\u2019efforts \u00e0 affiner la liste des services disponibles et les techniques de nettoyage. Le b\u00e9n\u00e9fice de cette exp\u00e9rience est disponible pour le franchis\u00e9. Les franchis\u00e9s b\u00e9n\u00e9ficieront des campagnes publicitaires du groupe <strong>CNET<\/strong>.<\/p><p>De plus, une assistance marketing professionnelle est mise \u00e0 la disposition des franchis\u00e9s <strong>CNET<\/strong> pour les aider \u00e0 g\u00e9rer leurs propres campagnes publicitaires locales de grande qualit\u00e9.<\/p><p>Notre groupe poss\u00e8de un pouvoir d\u2019achat unique et des contacts avec des fournisseurs \u00e9tablis. Nous mettons constamment \u00e0 jour l\u2019inventaire des produits pour offrir ce qu\u2019il y a de mieux sur le march\u00e9. Il en est de m\u00eame pour l\u2019\u00e9quipement et la machinerie.<\/p><p>Les franchis\u00e9s b\u00e9n\u00e9ficieront de cet \u00e9norme avantage.<\/p>\t\t\t\t\t<\/div>\n\t\t\t\t\t\t<\/div>\n\t\t\t\t<\/div>\n\t\t\t\t\t\t<\/div>\n\t\t\t\t\t<\/div>\n\t\t<\/div>\n\t\t\t\t\t\t\t\t<\/div>\n\t\t\t\t\t<\/div>\n\t\t<\/section>\n\t\t\t\t<section class=\"elementor-section elementor-top-section elementor-element elementor-element-4b1e175a elementor-section-stretched elementor-section-full_width elementor-section-height-default elementor-section-height-default\" data-id=\"4b1e175a\" data-element_type=\"section\" data-settings=\"{&quot;stretch_section&quot;:&quot;section-stretched&quot;,&quot;background_background&quot;:&quot;classic&quot;}\">\n\t\t\t\t\t\t<div class=\"elementor-container elementor-column-gap-default\">\n\t\t\t\t\t\t\t<div class=\"elementor-row\">\n\t\t\t\t\t<div class=\"elementor-column elementor-col-100 elementor-top-column elementor-element elementor-element-692ab380\" data-id=\"692ab380\" data-element_type=\"column\">\n\t\t\t<div class=\"elementor-column-wrap elementor-element-populated\">\n\t\t\t\t\t\t\t<div class=\"elementor-widget-wrap\">\n\t\t\t\t\t\t<div class=\"elementor-element elementor-element-3c5d0d11 bddex-dual-header-content-align-center elementor-widget elementor-widget-bddex-dual-color-header\" data-id=\"3c5d0d11\" data-element_type=\"widget\" data-widget_type=\"bddex-dual-color-header.default\">\n\t\t\t\t<div class=\"elementor-widget-container\">\n\t\t\t\t\t<div class=\"bddex-dual-header\">\r\n\t\t<h2 class=\"title\"><span class=\"lead\">CNET prot\u00e8ge votre investissement<\/span> <span><\/span><\/h2>\r\n\t   <span class=\"subtext\"><\/span>\r\n\t   \t<\/div>\r\n\t\r\n\t\r\n\t\r\n\t\r\n\t\t\t<\/div>\n\t\t\t\t<\/div>\n\t\t\t\t\t\t<\/div>\n\t\t\t\t\t<\/div>\n\t\t<\/div>\n\t\t\t\t\t\t\t\t<\/div>\n\t\t\t\t\t<\/div>\n\t\t<\/section>\n\t\t\t\t\t\t<\/div>\n\t\t\t\t\t\t<\/div>\n\t\t\t\t\t<\/div>\n\t\t","protected":false},"excerpt":{"rendered":"<p>Gr\u00e2ce \u00e0 une franchise CNET, il est possible de g\u00e9rer votre propre entreprise tout en partageant les nombreux avantages et \u00e9conomies d\u2019\u00e9chelle dont b\u00e9n\u00e9ficie une grande entreprise. Vous b\u00e9n\u00e9ficierez de la marque respect\u00e9e C NET. Chaque entrepreneur fait des erreurs dans les premi\u00e8res ann\u00e9es d\u2019une nouvelle entreprise. Certaines erreurs sont futiles, mais d\u2019autres peuvent \u00eatre.<\/p>\n","protected":false},"author":1,"featured_media":0,"parent":0,"menu_order":0,"comment_status":"closed","ping_status":"closed","template":"","meta":[],"_links":{"self":[{"href":"https:\/\/www.c-net.ca\/fr\/wp-json\/wp\/v2\/pages\/604"}],"collection":[{"href":"https:\/\/www.c-net.ca\/fr\/wp-json\/wp\/v2\/pages"}],"about":[{"href":"https:\/\/www.c-net.ca\/fr\/wp-json\/wp\/v2\/types\/page"}],"author":[{"embeddable":true,"href":"https:\/\/www.c-net.ca\/fr\/wp-json\/wp\/v2\/users\/1"}],"replies":[{"embeddable":true,"href":"https:\/\/www.c-net.ca\/fr\/wp-json\/wp\/v2\/comments?post=604"}],"version-history":[{"count":3,"href":"https:\/\/www.c-net.ca\/fr\/wp-json\/wp\/v2\/pages\/604\/revisions"}],"predecessor-version":[{"id":610,"href":"https:\/\/www.c-net.ca\/fr\/wp-json\/wp\/v2\/pages\/604\/revisions\/610"}],"wp:attachment":[{"href":"https:\/\/www.c-net.ca\/fr\/wp-json\/wp\/v2\/media?parent=604"}],"curies":[{"name":"wp","href":"https:\/\/api.w.org\/{rel}","templated":true}]}}